{"id":88,"date":"2016-08-22T08:25:33","date_gmt":"2016-08-22T06:25:33","guid":{"rendered":"https:\/\/you-go.213-108-108-97.plesk.page\/lejevedtaegter-2\/"},"modified":"2017-10-21T17:32:02","modified_gmt":"2017-10-21T15:32:02","slug":"lejevedtaegter-2","status":"publish","type":"page","link":"https:\/\/you-go.dk\/nn\/lejevedtaegter-2\/","title":{"rendered":"Lejevedt\u00e6gter"},"content":{"rendered":"<div>\n<div><strong>1.Skadedepositum<\/strong><\/div>\n<div>\u00a0<\/div>\n<div>N\u00e5r du ankommer boligen betales depositum til eieren ved ankomst og bel\u00f8pet tilbakebetales ved avreise dersom ingen skade har skjedd. Bel\u00f8pet er individuelt fra bolig til bolig, og er anf\u00f8rt under hver enkelt bolig.<\/div>\n<div>\u00a0<\/div>\n<div><strong>2. Ekstra utgifter ( elektrisitet, vann m.m.)<\/strong><\/div>\n<div>\u00a0I de fleste tilfeller er elektrisitet, vann og gass inkludert i prisen. Det som ikke er inkludert er oppf\u00f8rt under praktiske opplysninger for hver enkelt bolig p\u00e5 hjemmesiden. Det vil ogs\u00e5 fremg\u00e5 av fakturaen.<\/div>\n<div>\u00a0<\/div>\n<div><strong>3. Ankomst og avreise<\/strong><\/div>\n<div>ankomst l\u00f8rdag fra klokken 16:00. Ved forventet ankomst \u00a0senere enn klokken 16:00 ber vi deg om \u00e5 opplyse om dette senest to dager f\u00f8r ankomst. Vi informerer \u00a0eierne om dette. Ved forsinkelser skal det gis beskjed direkte til eierne eller kontaktperson. You Go ApS \u00a0kan ikke holdes ansvarlig hvis for sen ankomst til ferieboligen gj\u00f8r tilgang til boligen umulig p\u00e5 leieperiodens f\u00f8rste dag. \u00a0I forbindelse med reservasjonen utleverer vi n\u00f8yaktig kj\u00f8rerveiledning og informasjon om utleveringssted for n\u00f8kkelen. (Ca. fire uker f\u00f8r avreise). Avreise l\u00f8rdag senest 10:00. Tidspunkt for avreise avtales direkte med eier eller kontaktperson. Ved avreise gjennomg\u00e5s boligen \u00a0sammen med eier eller kontaktperson.<\/div>\n<div><strong>\u00a0<\/strong><\/div>\n<div><strong>4. You Go ApS&#8217; \u00a0ansvar.<\/strong><\/div>\n<div>Vi fungerer som formidler og er derfor ansvarlig for formidlingen av leieavtalen mellom leietager og ferieboligens eier. Formidlingsansvaret er begrenset til ansvar for handlinger utf\u00f8rt med forsett eller ved grov uaktsomhet. Alle v\u00e5re opplysninger er basert p\u00e5 v\u00e5r befaring av boligene og omr\u00e5dene, samt opplysninger fra eier. Vi \u00a0bestreber oss alltid p\u00e5 \u00e5 gi korrekt og objektiv informasjon, men fordi det f\u00f8r leietidens begynnelse kan skje endringer som vi ikke er informert om, kan vi ikke holdes ansvarlig for dette. I tilfellet kontraktsbrudd fra ferieboligen eier sin side, ekspedisjonsfeil, feilopplysninger eller lignende, forbeholder vi oss retten til \u00e5 enten tilbakebetale det gjeldende leiebel\u00f8p eller \u00e5 erstatte leieobjektet med en annen, med samme standard, kapasitet osv. Vo p\u00e5tar oss ikke ansvar for endringer av forhold som ikke vedr\u00f8rer selve ferieboligen (som endringer av bademuligheter, tilgang til butikker, vei- eller byggearbeider, milj\u00f8skader el.l.) Vi p\u00e5tar oss ikke ansvar for svikt eller brudd i boligens installasjoner, tette sluk eller avl\u00f8p, samt eventuelle forekomster av innsekter eller skadedyr. Vi tar forbehold om trykkfeil i v\u00e5rt materiell.<\/div>\n<div>\u00a0<\/div>\n<div><strong>5. Bestilling<\/strong><\/div>\n<div>Bestilling kan skje muntlig, per brev eller via mail til \u00a0You Go ApS. Bestillingen er bindende.<\/div>\n<div>\u00a0<\/div>\n<div><strong>6. Avbestilling\/ angrerett<\/strong><\/div>\n<div>S\u00e5fremt avbestilling foretas mer enn 6 uker f\u00f8r leietidens start er det innbetalte a-kontobel\u00f8pet tapt. Ved avbestilling\/angrerett foretatt mindre enn 6 uker f\u00f8r leietidens begynnelse, er leietager forpliktet til \u00e5 betale hele restbel\u00f8pet.<\/div>\n<div>\u00a0<\/div>\n<div><strong>7. Priser<\/strong><\/div>\n<div>Prisene som er oppf\u00f8rt ved bestilling er alltid bindende for You Go ApS, men med forbehold om feil. Prisene kan endres l\u00f8pende, uten varsel, i tilfellet endring i valutakurser. Alle oppf\u00f8rte bel\u00f8p er pris pr uke for hele ferieboligen, med mindre annet er opplyst.<\/div>\n<div>\u00a0<\/div>\n<div><strong>8. Betaling<\/strong><\/div>\n<div>Ved inng\u00e5elsen av leieavtalen betales det inn 30% av det totale leiebel\u00f8p. I enkelte tilfeller vil a kontobel\u00f8pet v\u00e6re 35-50% av det totale leiebel\u00f8pet. Dette fremg\u00e5r under beskrivelsen av hver enkelte bolig. Betaling skal skje ved bankoverf\u00f8ring (se kontonummer under \u201dKontakt\u201d.) Restbel\u00f8pet skal v\u00e6re You Go ApS i hende senest 6 uker f\u00f8r leietidens start. Det er ogs\u00e5 mulig \u00e5 betale med betalings- eller kredittkort. Vi aksepterer f\u00f8lgende korttyper: Visa, Visa Electron, Master Vard og Maestro. Ved kortbetaling trekkes bel\u00f8pet samme dag, eller senest to dager etter innbetaling.<\/div>\n<div>\u00a0<\/div>\n<div><strong>9. Ferieboligens kapasitet<\/strong><\/div>\n<div>Under hvert leieobjekt er det oppf\u00f8rt hvor mange personer boligen er dimensjonert for. Antall personer i boligen m\u00e5 ikke overskrides uten forh\u00e5ndsgodkjennelse av You Go ApS. Barn, uansett alder, teller som \u00e9n person. I tilfellet overskridelse av det definerte antallet personer boligen har kapasitet til, kan eier og\/eller You Go ApS annullere avtalen med \u00f8yeblikkelig virkning, og uten varsel bortvise alle leieboere. Leietager vil i slike tilfeller ikke v\u00e6re berettiget til noen form for kompensasjon.<\/div>\n<div>\u00a0<\/div>\n<div><strong>10. Husdyr<\/strong><\/div>\n<div>I noen boliger er det tillatt \u00e5 medbringe husdyr. Dette skal spesifikt fremg\u00e5 av fakturaen. Dersom husdyr medbringes, skal boligen forlates uten spor etter dyrene, ogs\u00e5 dersom det er betalt for sluttrengj\u00f8ring (f.eks. grundig st\u00f8vsuging underveis i leieperioden og f\u00f8r avreise.)<\/div>\n<div>\u00a0<\/div>\n<div><strong>11. Leietagers plikter og ansvar<\/strong><\/div>\n<div>Det oppf\u00f8rte tidspunktet for n\u00f8kkelutlevering skal overholdes med mindre annet avtales. Leietager har ansvar for straks og senest 48 timer fra leieperiodens start, eller umiddelbart etter at det er konstatert skade, og fra det stedet hvor skaden er konstatert, \u00e5 rette en henvendelse om skaden til eiere og\/eller You Go ApS. Ferieboligen skal forlates i rengjort stand. Ved mange av v\u00e5re boliger kan sluttrengj\u00f8ring bestilles. Hvis det er betalt for sluttrengj\u00f8ring skal leietager s\u00f8rge for f\u00f8lgende: opprydding, oppvask, t\u00f8mme avfall, l\u00f8pende rengj\u00f8ring, samt \u00e5 etterlate kj\u00f8leskap og ovn rengjort. Ved leie av senget\u00f8y, skal dette etterlates samlet i ett rom. Sluttrengj\u00f8ring omfatter vanligvis 2-8 timers rengj\u00f8ring, avhengig av ferieboligens st\u00f8rrelse. N\u00f8dvendig rengj\u00f8ring ut over dette, vil bli fakturert til kunden. Ved inng\u00e5else av leieavtalen erkl\u00e6rer leietager at leietager ikke vil reise krav mot You Go ApS og eier av boligen i tilfellet ulykker p\u00e5 eiendommen, herunder ved bruk av sv\u00f8mmebasseng. Vi gj\u00f8r oppmerksom p\u00e5 at oppsyn med sv\u00f8mmebasseng er leietagers ansvar. Innbetalt depositum tilbakebetales etter leietidens opph\u00f8r, s\u00e5fremt boligen avleveres i beh\u00f8rig og rengjort stand. Leietagers ansvar for skader mv. opprettholdes selv om det overstiger bel\u00f8pet som er innbetalt som depositum. Leietager er selv ansvarlig for eventuelle skader p\u00e5, eller tap av eget, medbragt l\u00f8s\u00f8re og verdigjenstander, i tilfellet svikt eller brudd p\u00e5 boligens installasjoner, tyveri el.l.<\/div>\n<div>\u00a0<\/div>\n<div><strong>12. Reklamasjon<\/strong><\/div>\n<div>Det hviler p\u00e5 leietager et ansvar for straks, ved overtagelse av ferieboligen og senest 48 timer fra leieperiodens start, eller umiddelbart etter at det er konstatert skade eller mangler, og fra det sted skaden er konstatert, \u00e5 rette en henvendelse til eier og\/eller You Go ApS. Det skal fra utleiers side gis en rimelig tidsfrist overfor eier\/You Go til \u00e5 utbedre skade\/mangler. I tilfellet tvist vil verneting v\u00e6re Retten i Kolding, Danmark.<\/div>\n<div>\u00a0<\/div>\n<div><strong>13. Generelt<\/strong><\/div>\n<div>Denne avtalen er en sesongbetinget leieavtale. Leietager er derfor forpliktet til \u00e5 overholde avreise p\u00e5 det tidspunkt som er oppgitt for boligen. Leietager kan ikke folkeregistrere boligen som sin adresse.<\/div>\n<div>\u00a0<\/div>\n<div><strong>14. Force Majeure<\/strong><\/div>\n<div>Leietager fristilles ikke fra betaling av leiebel\u00f8pet dersom leietager p\u00e5 grunn av force majeure (ulykker, streik, blokade, naturkatastrofer, krig, epidemier m.m.) blir forhindret fra \u00e5 gjennomf\u00f8re leieforholdet. Dette gjelder ogs\u00e5 for personlige forhold hos leietager. You Go ApS kan oppheve leieforholdet, dersom ferieboligen p\u00e5 grunn av force majeure ikke kan stilles til disposisjon for leietager.<\/div>\n<div>\u00a0<\/div>\n<div><strong>15. Beskyttelse av personlige opplysninger<\/strong><\/div>\n<div>You Go forst\u00e5r og respekterer viktigheten av privatliv p\u00e5 Internett. Vi vil ikke gi informasjon om v\u00e5re kunder\/brukere til tredjepart, med mindre det er n\u00f8dvendig i forbindelse med transaksjoner. Vi vil ikke selge eller videreformidle navn, adresser, e-mail adresser, kredittkortopplysninger eller personlige data til noen tredjepart, uten p\u00e5 forh\u00e5nd \u00e5 ha innhentet samtykke om dette.<\/div>\n<div>\u00a0<\/div>\n<\/div>\n","protected":false},"excerpt":{"rendered":"<div>\n<div><strong>1.Skadedepositum<\/strong><\/div>\n<div>&nbsp;<\/div>\n<div>N&aring;r du ankommer boligen betales depositum til eieren ved ankomst og bel&oslash;pet tilbakebetales ved avreise dersom ingen skade har skjedd. Bel&oslash;pet er individuelt fra bolig til bolig, og er anf&oslash;rt under hver enkelt bolig.<\/div>\n<div>&nbsp;<\/div>\n<div><strong>2. Ekstra utgifter ( elektrisitet, vann m.m.)<\/strong><\/div>\n<div>&nbsp;I de fleste tilfeller er elektrisitet, vann og gass inkludert i prisen. Det som ikke er inkludert er oppf&oslash;rt under praktiske opplysninger for hver enkelt bolig p&aring; hjemmesiden. Det vil ogs&aring; fremg&aring; av fakturaen.<\/div>\n<div>&nbsp;<\/div>\n<div><strong>3. Ankomst og avreise<\/strong><\/div>\n<div>ankomst l&oslash;rdag fra klokken 16:00. Ved forventet ankomst &nbsp;senere enn klokken 16:00 ber vi deg om &aring; opplyse om dette senest to dager f&oslash;r ankomst. Vi informerer &nbsp;eierne om dette. Ved forsinkelser skal det gis beskjed direkte til eierne eller kontaktperson. You Go ApS &nbsp;kan ikke holdes ansvarlig hvis for sen ankomst til ferieboligen gj&oslash;r tilgang til boligen umulig p&aring; leieperiodens f&oslash;rste dag. &nbsp;I forbindelse med reservasjonen utleverer vi n&oslash;yaktig kj&oslash;rerveiledning og informasjon om utleveringssted for n&oslash;kkelen. (Ca. fire uker f&oslash;r avreise). Avreise l&oslash;rdag senest 10:00. Tidspunkt for avreise avtales direkte med eier eller kontaktperson. Ved avreise gjennomg&aring;s boligen &nbsp;sammen med eier eller kontaktperson.<\/div>\n<div><strong><br \/>\n<\/strong><\/div>\n<div><strong>4. You Go ApS&#8217; &nbsp;ansvar.<\/strong><\/div>\n<div>Vi fungerer som formidler og er derfor ansvarlig for formidlingen av leieavtalen mellom leietager og ferieboligens eier. Formidlingsansvaret er begrenset til ansvar for handlinger utf&oslash;rt med forsett eller ved grov uaktsomhet. Alle v&aring;re opplysninger er basert p&aring; v&aring;r befaring av boligene og omr&aring;dene, samt opplysninger fra eier. Vi &nbsp;bestreber oss alltid p&aring; &aring; gi korrekt og objektiv informasjon, men fordi det f&oslash;r leietidens begynnelse kan skje endringer som vi ikke er informert om, kan vi ikke holdes ansvarlig for dette. I tilfellet kontraktsbrudd fra ferieboligen eier sin side, ekspedisjonsfeil, feilopplysninger eller lignende, forbeholder vi oss retten til &aring; enten tilbakebetale det gjeldende leiebel&oslash;p eller &aring; erstatte leieobjektet med en annen, med samme standard, kapasitet osv. Vo p&aring;tar oss ikke ansvar for endringer av forhold som ikke vedr&oslash;rer selve ferieboligen (som endringer av bademuligheter, tilgang til butikker, vei- eller byggearbeider, milj&oslash;skader el.l.) Vi p&aring;tar oss ikke ansvar for svikt eller brudd i boligens installasjoner, tette sluk eller avl&oslash;p, samt eventuelle forekomster av innsekter eller skadedyr. Vi tar forbehold om trykkfeil i v&aring;rt materiell.<\/div>\n<div>&nbsp;<\/div>\n<div><strong>5. Bestilling<\/strong><\/div>\n<div>Bestilling kan skje muntlig, per brev eller via mail til &nbsp;You Go ApS. Bestillingen er bindende.<\/div>\n<div>&nbsp;<\/div>\n<div><strong>6. Avbestilling\/ angrerett<\/strong><\/div>\n<div>S&aring;fremt avbestilling foretas mer enn 6 uker f&oslash;r leietidens start er det innbetalte a-kontobel&oslash;pet tapt. Ved avbestilling\/angrerett foretatt mindre enn 6 uker f&oslash;r leietidens begynnelse, er leietager forpliktet til &aring; betale hele restbel&oslash;pet.<\/div>\n<div>&nbsp;<\/div>\n<div><strong>7. Priser<\/strong><\/div>\n<div>Prisene som er oppf&oslash;rt ved bestilling er alltid bindende for You Go ApS, men med forbehold om feil. Prisene kan endres l&oslash;pende, uten varsel, i tilfellet endring i valutakurser. Alle oppf&oslash;rte bel&oslash;p er pris pr uke for hele ferieboligen, med mindre annet er opplyst.<\/div>\n<div>&nbsp;<\/div>\n<div><strong>8. Betaling<\/strong><\/div>\n<div>Ved inng&aring;elsen av leieavtalen betales det inn 30% av det totale leiebel&oslash;p. I enkelte tilfeller vil a kontobel&oslash;pet v&aelig;re 35-50% av det totale leiebel&oslash;pet. Dette fremg&aring;r under beskrivelsen av hver enkelte bolig. Betaling skal skje ved bankoverf&oslash;ring (se kontonummer under &rdquo;Kontakt&rdquo;.) Restbel&oslash;pet skal v&aelig;re You Go ApS i hende senest 6 uker f&oslash;r leietidens start. Det er ogs&aring; mulig &aring; betale med betalings- eller kredittkort. Vi aksepterer f&oslash;lgende korttyper: Visa, Visa Electron, Master Vard og Maestro. Ved kortbetaling trekkes bel&oslash;pet samme dag, eller senest to dager etter innbetaling.<\/div>\n<div>&nbsp;<\/div>\n<div><strong>9. Ferieboligens kapasitet<\/strong><\/div>\n<div>Under hvert leieobjekt er det oppf&oslash;rt hvor mange personer boligen er dimensjonert for. Antall personer i boligen m&aring; ikke overskrides uten forh&aring;ndsgodkjennelse av You Go ApS. Barn, uansett alder, teller som &eacute;n person. I tilfellet overskridelse av det definerte antallet personer boligen har kapasitet til, kan eier og\/eller You Go ApS annullere avtalen med &oslash;yeblikkelig virkning, og uten varsel bortvise alle leieboere. Leietager vil i slike tilfeller ikke v&aelig;re berettiget til noen form for kompensasjon.<\/div>\n<div>&nbsp;<\/div>\n<div><strong>10. Husdyr<\/strong><\/div>\n<div>I noen boliger er det tillatt &aring; medbringe husdyr. Dette skal spesifikt fremg&aring; av fakturaen. Dersom husdyr medbringes, skal boligen forlates uten spor etter dyrene, ogs&aring; dersom det er betalt for sluttrengj&oslash;ring (f.eks. grundig st&oslash;vsuging underveis i leieperioden og f&oslash;r avreise.)<\/div>\n<div>&nbsp;<\/div>\n<div><strong>11. Leietagers plikter og ansvar<\/strong><\/div>\n<div>Det oppf&oslash;rte tidspunktet for n&oslash;kkelutlevering skal overholdes med mindre annet avtales. Leietager har ansvar for straks og senest 48 timer fra leieperiodens start, eller umiddelbart etter at det er konstatert skade, og fra det stedet hvor skaden er konstatert, &aring; rette en henvendelse om skaden til eiere og\/eller You Go ApS. Ferieboligen skal forlates i rengjort stand. Ved mange av v&aring;re boliger kan sluttrengj&oslash;ring bestilles. Hvis det er betalt for sluttrengj&oslash;ring skal leietager s&oslash;rge for f&oslash;lgende: opprydding, oppvask, t&oslash;mme avfall, l&oslash;pende rengj&oslash;ring, samt &aring; etterlate kj&oslash;leskap og ovn rengjort. Ved leie av senget&oslash;y, skal dette etterlates samlet i ett rom. Sluttrengj&oslash;ring omfatter vanligvis 2-8 timers rengj&oslash;ring, avhengig av ferieboligens st&oslash;rrelse. N&oslash;dvendig rengj&oslash;ring ut over dette, vil bli fakturert til kunden. Ved inng&aring;else av leieavtalen erkl&aelig;rer leietager at leietager ikke vil reise krav mot You Go ApS og eier av boligen i tilfellet ulykker p&aring; eiendommen, herunder ved bruk av sv&oslash;mmebasseng. Vi gj&oslash;r oppmerksom p&aring; at oppsyn med sv&oslash;mmebasseng er leietagers ansvar. Innbetalt depositum tilbakebetales etter leietidens opph&oslash;r, s&aring;fremt boligen avleveres i beh&oslash;rig og rengjort stand. Leietagers ansvar for skader mv. opprettholdes selv om det overstiger bel&oslash;pet som er innbetalt som depositum. Leietager er selv ansvarlig for eventuelle skader p&aring;, eller tap av eget, medbragt l&oslash;s&oslash;re og verdigjenstander, i tilfellet svikt eller brudd p&aring; boligens installasjoner, tyveri el.l.<\/div>\n<div>&nbsp;<\/div>\n<div><strong>12. Reklamasjon<\/strong><\/div>\n<div>Det hviler p&aring; leietager et ansvar for straks, ved overtagelse av ferieboligen og senest 48 timer fra leieperiodens start, eller umiddelbart etter at det er konstatert skade eller mangler, og fra det sted skaden er konstatert, &aring; rette en henvendelse til eier og\/eller You Go ApS. Det skal fra utleiers side gis en rimelig tidsfrist overfor eier\/You Go til &aring; utbedre skade\/mangler. I tilfellet tvist vil verneting v&aelig;re Retten i Kolding, Danmark.<\/div>\n<div>&nbsp;<\/div>\n<div><strong>13. Generelt<\/strong><\/div>\n<div>Denne avtalen er en sesongbetinget leieavtale. Leietager er derfor forpliktet til &aring; overholde avreise p&aring; det tidspunkt som er oppgitt for boligen. Leietager kan ikke folkeregistrere boligen som sin adresse.<\/div>\n<div>&nbsp;<\/div>\n<div><strong>14. Force Majeure<\/strong><\/div>\n<div>Leietager fristilles ikke fra betaling av leiebel&oslash;pet dersom leietager p&aring; grunn av force majeure (ulykker, streik, blokade, naturkatastrofer, krig, epidemier m.m.) blir forhindret fra &aring; gjennomf&oslash;re leieforholdet. Dette gjelder ogs&aring; for personlige forhold hos leietager. You Go ApS kan oppheve leieforholdet, dersom ferieboligen p&aring; grunn av force majeure ikke kan stilles til disposisjon for leietager.<\/div>\n<div>&nbsp;<\/div>\n<div><strong>15. Beskyttelse av personlige opplysninger<\/strong><\/div>\n<div>You Go forst&aring;r og respekterer viktigheten av privatliv p&aring; Internett. Vi vil ikke gi informasjon om v&aring;re kunder\/brukere til tredjepart, med mindre det er n&oslash;dvendig i forbindelse med transaksjoner. Vi vil ikke selge eller videreformidle navn, adresser, e-mail adresser, kredittkortopplysninger eller personlige data til noen tredjepart, uten p&aring; forh&aring;nd &aring; ha innhentet samtykke om dette.<\/div>\n<div>&nbsp;<\/div>\n<\/div>\n","protected":false},"author":2,"featured_media":0,"parent":0,"menu_order":0,"comment_status":"closed","ping_status":"closed","template":"","meta":{"_exactmetrics_skip_tracking":false,"_exactmetrics_sitenote_active":false,"_exactmetrics_sitenote_note":"","_exactmetrics_sitenote_category":0,"footnotes":""},"omrde":[],"class_list":["post-88","page","type-page","status-publish","hentry"],"acf":[],"yoast_head":"<title>Leie vilk\u00e5r for feriehus i Italia - Lett \u00e5 leie feriehus<\/title>\n<meta name=\"robots\" content=\"index, follow, max-snippet:-1, max-image-preview:large, max-video-preview:-1\" \/>\n<link rel=\"canonical\" href=\"https:\/\/you-go.dk\/nn\/lejevedtaegter-2\/\" \/>\n<meta property=\"og:locale\" content=\"nn_NO\" \/>\n<meta property=\"og:type\" content=\"article\" \/>\n<meta property=\"og:title\" content=\"Leie vilk\u00e5r for feriehus i Italia - Lett \u00e5 leie feriehus\" \/>\n<meta property=\"og:description\" content=\"1.Skadedepositum \u00a0 N\u00e5r du ankommer boligen betales depositum til eieren ved ankomst og bel\u00f8pet tilbakebetales ved avreise dersom ingen skade har skjedd. Bel\u00f8pet er individuelt fra bolig til boli...\" \/>\n<meta property=\"og:url\" content=\"https:\/\/you-go.dk\/nn\/lejevedtaegter-2\/\" \/>\n<meta property=\"og:site_name\" content=\"You-go.dk\" \/>\n<meta property=\"article:modified_time\" content=\"2017-10-21T15:32:02+00:00\" \/>\n<meta name=\"twitter:card\" content=\"summary_large_image\" \/>\n<meta name=\"twitter:label1\" content=\"Est. reading time\" \/>\n\t<meta name=\"twitter:data1\" content=\"6 minutt\" \/>\n<script type=\"application\/ld+json\" class=\"yoast-schema-graph\">{\"@context\":\"https:\/\/schema.org\",\"@graph\":[{\"@type\":\"WebPage\",\"@id\":\"https:\/\/you-go.dk\/nn\/lejevedtaegter-2\/\",\"url\":\"https:\/\/you-go.dk\/nn\/lejevedtaegter-2\/\",\"name\":\"Leie vilk\u00e5r for feriehus i Italia - Lett \u00e5 leie feriehus\",\"isPartOf\":{\"@id\":\"https:\/\/you-go.dk\/#website\"},\"datePublished\":\"2016-08-22T06:25:33+00:00\",\"dateModified\":\"2017-10-21T15:32:02+00:00\",\"breadcrumb\":{\"@id\":\"https:\/\/you-go.dk\/nn\/lejevedtaegter-2\/#breadcrumb\"},\"inLanguage\":\"nn-NO\",\"potentialAction\":[{\"@type\":\"ReadAction\",\"target\":[\"https:\/\/you-go.dk\/nn\/lejevedtaegter-2\/\"]}]},{\"@type\":\"BreadcrumbList\",\"@id\":\"https:\/\/you-go.dk\/nn\/lejevedtaegter-2\/#breadcrumb\",\"itemListElement\":[{\"@type\":\"ListItem\",\"position\":1,\"name\":\"Hjem\",\"item\":\"https:\/\/you-go.dk\/nn\/\"},{\"@type\":\"ListItem\",\"position\":2,\"name\":\"Lejevedt\u00e6gter\"}]},{\"@type\":\"WebSite\",\"@id\":\"https:\/\/you-go.dk\/#website\",\"url\":\"https:\/\/you-go.dk\/\",\"name\":\"You-go.dk\",\"description\":\"Ferieboliger i Italien - Rejser og ture\",\"publisher\":{\"@id\":\"https:\/\/you-go.dk\/#organization\"},\"potentialAction\":[{\"@type\":\"SearchAction\",\"target\":{\"@type\":\"EntryPoint\",\"urlTemplate\":\"https:\/\/you-go.dk\/?s={search_term_string}\"},\"query-input\":{\"@type\":\"PropertyValueSpecification\",\"valueRequired\":true,\"valueName\":\"search_term_string\"}}],\"inLanguage\":\"nn-NO\"},{\"@type\":\"Organization\",\"@id\":\"https:\/\/you-go.dk\/#organization\",\"name\":\"You-go.dk\",\"url\":\"https:\/\/you-go.dk\/\",\"logo\":{\"@type\":\"ImageObject\",\"inLanguage\":\"nn-NO\",\"@id\":\"https:\/\/you-go.dk\/#\/schema\/logo\/image\/\",\"url\":\"https:\/\/you-go.dk\/wp-content\/uploads\/2017\/05\/cropped-logo2-2.png\",\"contentUrl\":\"https:\/\/you-go.dk\/wp-content\/uploads\/2017\/05\/cropped-logo2-2.png\",\"width\":232,\"height\":103,\"caption\":\"You-go.dk\"},\"image\":{\"@id\":\"https:\/\/you-go.dk\/#\/schema\/logo\/image\/\"}}]}<\/script>","yoast_head_json":{"title":"Leie vilk\u00e5r for feriehus i Italia - Lett \u00e5 leie feriehus","robots":{"index":"index","follow":"follow","max-snippet":"max-snippet:-1","max-image-preview":"max-image-preview:large","max-video-preview":"max-video-preview:-1"},"canonical":"https:\/\/you-go.dk\/nn\/lejevedtaegter-2\/","og_locale":"nn_NO","og_type":"article","og_title":"Leie vilk\u00e5r for feriehus i Italia - Lett \u00e5 leie feriehus","og_description":"1.Skadedepositum \u00a0 N\u00e5r du ankommer boligen betales depositum til eieren ved ankomst og bel\u00f8pet tilbakebetales ved avreise dersom ingen skade har skjedd. Bel\u00f8pet er individuelt fra bolig til boli...","og_url":"https:\/\/you-go.dk\/nn\/lejevedtaegter-2\/","og_site_name":"You-go.dk","article_modified_time":"2017-10-21T15:32:02+00:00","twitter_card":"summary_large_image","twitter_misc":{"Est. reading time":"6 minutt"},"schema":{"@context":"https:\/\/schema.org","@graph":[{"@type":"WebPage","@id":"https:\/\/you-go.dk\/nn\/lejevedtaegter-2\/","url":"https:\/\/you-go.dk\/nn\/lejevedtaegter-2\/","name":"Leie vilk\u00e5r for feriehus i Italia - Lett \u00e5 leie feriehus","isPartOf":{"@id":"https:\/\/you-go.dk\/#website"},"datePublished":"2016-08-22T06:25:33+00:00","dateModified":"2017-10-21T15:32:02+00:00","breadcrumb":{"@id":"https:\/\/you-go.dk\/nn\/lejevedtaegter-2\/#breadcrumb"},"inLanguage":"nn-NO","potentialAction":[{"@type":"ReadAction","target":["https:\/\/you-go.dk\/nn\/lejevedtaegter-2\/"]}]},{"@type":"BreadcrumbList","@id":"https:\/\/you-go.dk\/nn\/lejevedtaegter-2\/#breadcrumb","itemListElement":[{"@type":"ListItem","position":1,"name":"Hjem","item":"https:\/\/you-go.dk\/nn\/"},{"@type":"ListItem","position":2,"name":"Lejevedt\u00e6gter"}]},{"@type":"WebSite","@id":"https:\/\/you-go.dk\/#website","url":"https:\/\/you-go.dk\/","name":"You-go.dk","description":"Ferieboliger i Italien - Rejser og ture","publisher":{"@id":"https:\/\/you-go.dk\/#organization"},"potentialAction":[{"@type":"SearchAction","target":{"@type":"EntryPoint","urlTemplate":"https:\/\/you-go.dk\/?s={search_term_string}"},"query-input":{"@type":"PropertyValueSpecification","valueRequired":true,"valueName":"search_term_string"}}],"inLanguage":"nn-NO"},{"@type":"Organization","@id":"https:\/\/you-go.dk\/#organization","name":"You-go.dk","url":"https:\/\/you-go.dk\/","logo":{"@type":"ImageObject","inLanguage":"nn-NO","@id":"https:\/\/you-go.dk\/#\/schema\/logo\/image\/","url":"https:\/\/you-go.dk\/wp-content\/uploads\/2017\/05\/cropped-logo2-2.png","contentUrl":"https:\/\/you-go.dk\/wp-content\/uploads\/2017\/05\/cropped-logo2-2.png","width":232,"height":103,"caption":"You-go.dk"},"image":{"@id":"https:\/\/you-go.dk\/#\/schema\/logo\/image\/"}}]}},"_links":{"self":[{"href":"https:\/\/you-go.dk\/nn\/wp-json\/wp\/v2\/pages\/88","targetHints":{"allow":["GET"]}}],"collection":[{"href":"https:\/\/you-go.dk\/nn\/wp-json\/wp\/v2\/pages"}],"about":[{"href":"https:\/\/you-go.dk\/nn\/wp-json\/wp\/v2\/types\/page"}],"author":[{"embeddable":true,"href":"https:\/\/you-go.dk\/nn\/wp-json\/wp\/v2\/users\/2"}],"replies":[{"embeddable":true,"href":"https:\/\/you-go.dk\/nn\/wp-json\/wp\/v2\/comments?post=88"}],"version-history":[{"count":0,"href":"https:\/\/you-go.dk\/nn\/wp-json\/wp\/v2\/pages\/88\/revisions"}],"wp:attachment":[{"href":"https:\/\/you-go.dk\/nn\/wp-json\/wp\/v2\/media?parent=88"}],"wp:term":[{"taxonomy":"omrde","embeddable":true,"href":"https:\/\/you-go.dk\/nn\/wp-json\/wp\/v2\/omrde?post=88"}],"curies":[{"name":"wp","href":"https:\/\/api.w.org\/{rel}","templated":true}]}}